{"id":311,"date":"2018-01-23T09:35:29","date_gmt":"2018-01-23T09:35:29","guid":{"rendered":"http:\/\/annastankiewicz.home.pl\/autoinstalator\/wordpress1\/?page_id=311"},"modified":"2018-01-24T11:19:29","modified_gmt":"2018-01-24T11:19:29","slug":"psychoterapie-poglebiona","status":"publish","type":"page","link":"https:\/\/annastankiewicz.pl\/?page_id=311","title":{"rendered":"Psychoterapia pog\u0142\u0119biona"},"content":{"rendered":"<p><strong>Psychoterapi\u0119 pog\u0142\u0119bion\u0105 <\/strong>stosujemy po to, by zacz\u0105\u0107 zastanawia\u0107 si\u0119 nad w\u0142asnym \u017cyciem, byciem w relacjach, stosunkiem do siebie oraz do \u015bwiata i innych ludzi. Proces psychoterapeutyczny jest bardzo dynamiczny. Podczas pracy nad sob\u0105 bywaj\u0105 trudne momenty. Klienci dotykaj\u0105 osobistych i intymnych spraw, kt\u00f3re cz\u0119sto s\u0105 bolesne. &#8222;Przepracowanie\u201d tych w\u0105tk\u00f3w jest najcz\u0119\u015bciej jedyn\u0105 form\u0105, aby dotrze\u0107 do siebie i ruszy\u0107 naprz\u00f3d. Dzi\u0119ki temu pacjent uwalnia si\u0119 od przesz\u0142o\u015bci i emocji z ni\u0105 zwi\u0105zanych. Potrafi wyj\u015b\u0107 z na\u0142ogowych schemat\u00f3w radzenia sobie z napi\u0119ciem, z\u0142o\u015bci\u0105 czy stresem \u2013 w spos\u00f3b konstruktywny i zdrowy, a nie za pomoc\u0105 mechanizm\u00f3w obronnych.<\/p>\n<div class=\"entry-content\">\n<p><strong><img loading=\"lazy\" decoding=\"async\" class=\" wp-image-93 alignright\" src=\"http:\/\/annastankiewicz.home.pl\/autoinstalator\/wordpress1\/wp-content\/uploads\/2018\/01\/street-1026246__340-300x200.jpg\" sizes=\"auto, (max-width: 300px) 100vw, 300px\" srcset=\"http:\/\/annastankiewicz.home.pl\/autoinstalator\/wordpress1\/wp-content\/uploads\/2018\/01\/street-1026246__340-300x200.jpg 300w, http:\/\/annastankiewicz.home.pl\/autoinstalator\/wordpress1\/wp-content\/uploads\/2018\/01\/street-1026246__340.jpg 510w\" alt=\"\" width=\"380\" height=\"253\" \/>Psychoterapia integratywna<\/strong> \u0142\u0105czy r\u00f3\u017cne podej\u015bcia terapeutyczne \u2013 zazwyczaj terapeuta wybiera wiod\u0105c\u0105 metod\u0119, do kt\u00f3rej nast\u0119pnie w\u0142\u0105cza elementy innych psychoterapii. Psychoterapeuci pracuj\u0105cy w duchu terapii integratywnej maj\u0105 do dyspozycji ca\u0142y wachlarz metod charakterystycznych dla wielu nurt\u00f3w terapii. Dzi\u0119ki temu mog\u0105 swobodnie dobiera\u0107 i stosowa\u0107 sposoby zale\u017cnie od potrzeby, specyfiki i k\u0142opot\u00f3w pacjenta. Kluczow\u0105 rol\u0119 w profesjonalnej psychoterapii odgrywaj\u0105 wiedza, osobiste do\u015bwiadczenia i w\u0142a\u015bciwo\u015bci terapeuty oraz jego umiej\u0119tno\u015bci wp\u0142ywaj\u0105ce na: kszta\u0142t relacji i komunikacji z pacjentem oraz rozumienie procesu psychoterapii, trafno\u015b\u0107 i elastyczno\u015b\u0107 doboru strategii i procedur terapeutycznych, zaanga\u017cowanie pacjenta w prac\u0119 nad zmian\u0105 osobist\u0105.<\/p>\n<\/div>\n","protected":false},"excerpt":{"rendered":"<p>Psychoterapi\u0119 pog\u0142\u0119bion\u0105 stosujemy po to, by zacz\u0105\u0107 zastanawia\u0107 si\u0119 nad w\u0142asnym \u017cyciem, byciem w relacjach, stosunkiem do siebie oraz do \u015bwiata i innych ludzi. Proces&hellip;<\/p>\n","protected":false},"author":1,"featured_media":0,"parent":0,"menu_order":0,"comment_status":"closed","ping_status":"closed","template":"","meta":{"footnotes":""},"class_list":["post-311","page","type-page","status-publish","hentry"],"_links":{"self":[{"href":"https:\/\/annastankiewicz.pl\/index.php?rest_route=\/wp\/v2\/pages\/311","targetHints":{"allow":["GET"]}}],"collection":[{"href":"https:\/\/annastankiewicz.pl\/index.php?rest_route=\/wp\/v2\/pages"}],"about":[{"href":"https:\/\/annastankiewicz.pl\/index.php?rest_route=\/wp\/v2\/types\/page"}],"author":[{"embeddable":true,"href":"https:\/\/annastankiewicz.pl\/index.php?rest_route=\/wp\/v2\/users\/1"}],"replies":[{"embeddable":true,"href":"https:\/\/annastankiewicz.pl\/index.php?rest_route=%2Fwp%2Fv2%2Fcomments&post=311"}],"version-history":[{"count":5,"href":"https:\/\/annastankiewicz.pl\/index.php?rest_route=\/wp\/v2\/pages\/311\/revisions"}],"predecessor-version":[{"id":523,"href":"https:\/\/annastankiewicz.pl\/index.php?rest_route=\/wp\/v2\/pages\/311\/revisions\/523"}],"wp:attachment":[{"href":"https:\/\/annastankiewicz.pl\/index.php?rest_route=%2Fwp%2Fv2%2Fmedia&parent=311"}],"curies":[{"name":"wp","href":"https:\/\/api.w.org\/{rel}","templated":true}]}}